{"id":171,"date":"2023-10-26T17:15:08","date_gmt":"2023-10-26T15:15:08","guid":{"rendered":"https:\/\/sansblancderien.be\/?page_id=171"},"modified":"2023-12-27T20:04:34","modified_gmt":"2023-12-27T19:04:34","slug":"a-propos-de-moi","status":"publish","type":"page","link":"https:\/\/sansblancderien.be\/?page_id=171","title":{"rendered":"\u00c0 propos de moi"},"content":{"rendered":"<p>[et_pb_section fb_built=&#8221;1&#8243; _builder_version=&#8221;4.9.4&#8243; _module_preset=&#8221;default&#8221; custom_padding=&#8221;||0px|||&#8221;][et_pb_row column_structure=&#8221;1_2,1_2&#8243; admin_label=&#8221;row&#8221; _builder_version=&#8221;3.25&#8243; background_size=&#8221;initial&#8221; background_position=&#8221;top_left&#8221; background_repeat=&#8221;repeat&#8221; custom_padding=&#8221;||0px|||&#8221; hover_enabled=&#8221;0&#8243; sticky_enabled=&#8221;0&#8243;][et_pb_column type=&#8221;1_2&#8243; _builder_version=&#8221;3.25&#8243; custom_padding=&#8221;|||&#8221; custom_padding__hover=&#8221;|||&#8221;][et_pb_image src=&#8221;http:\/\/sansblancderien.be\/wp-content\/uploads\/2023\/12\/test-site.jpg&#8221; title_text=&#8221;test site&#8221; _builder_version=&#8221;4.9.4&#8243; _module_preset=&#8221;default&#8221; custom_padding=&#8221;||0px|||&#8221; hover_enabled=&#8221;0&#8243; sticky_enabled=&#8221;0&#8243;][\/et_pb_image][\/et_pb_column][et_pb_column type=&#8221;1_2&#8243; _builder_version=&#8221;3.25&#8243; custom_padding=&#8221;|||&#8221; custom_padding__hover=&#8221;|||&#8221;][et_pb_text _builder_version=&#8221;4.9.4&#8243; text_font=&#8221;Montserrat||||||||&#8221; text_text_color=&#8221;#191915&#8243; header_font=&#8221;||||||||&#8221; header_2_font=&#8221;Montserrat|800||on|||||&#8221; header_2_text_color=&#8221;gcid-28af9a2b-39c2-4889-a587-54d0819d8d5b&#8221; header_2_font_size=&#8221;46px&#8221; header_3_font=&#8221;Montserrat|||on|||||&#8221; header_3_text_color=&#8221;#191915&#8243; header_3_font_size=&#8221;12px&#8221; header_3_letter_spacing=&#8221;1px&#8221; header_3_line_height=&#8221;1.8em&#8221; header_5_font=&#8221;Montserrat||||||||&#8221; header_5_text_color=&#8221;#191915&#8243; text_orientation=&#8221;right&#8221; custom_margin=&#8221;||-101px|||&#8221; custom_padding=&#8221;79px||1px|||&#8221; hover_enabled=&#8221;0&#8243; header_2_font_size_tablet=&#8221;&#8221; header_2_font_size_phone=&#8221;30px&#8221; header_2_font_size_last_edited=&#8221;on|phone&#8221; locked=&#8221;off&#8221; global_colors_info=&#8221;{%22gcid-94601e0f-c1b3-472b-884b-e4707daab177%22:%91%93,%22gcid-28af9a2b-39c2-4889-a587-54d0819d8d5b%22:%91%22header_2_text_color%22%93}&#8221; sticky_enabled=&#8221;0&#8243;][\/et_pb_text][et_pb_text _builder_version=&#8221;4.9.4&#8243; text_font=&#8221;Montserrat||||||||&#8221; text_text_color=&#8221;gcid-28af9a2b-39c2-4889-a587-54d0819d8d5b&#8221; text_font_size=&#8221;18px&#8221; header_font=&#8221;||||||||&#8221; header_2_font=&#8221;Montserrat|800||on|||||&#8221; header_2_text_color=&#8221;gcid-28af9a2b-39c2-4889-a587-54d0819d8d5b&#8221; header_2_font_size=&#8221;46px&#8221; header_3_font=&#8221;Montserrat|||on|||||&#8221; header_3_text_color=&#8221;gcid-94601e0f-c1b3-472b-884b-e4707daab177&#8243; header_3_font_size=&#8221;12px&#8221; header_3_letter_spacing=&#8221;1px&#8221; header_3_line_height=&#8221;1.8em&#8221; custom_margin=&#8221;||43px|||&#8221; custom_padding=&#8221;6px||24px|||&#8221; header_2_font_size_tablet=&#8221;&#8221; header_2_font_size_phone=&#8221;30px&#8221; header_2_font_size_last_edited=&#8221;on|phone&#8221; locked=&#8221;off&#8221; global_colors_info=&#8221;{%22gcid-94601e0f-c1b3-472b-884b-e4707daab177%22:%91%22header_3_text_color%22%93,%22gcid-28af9a2b-39c2-4889-a587-54d0819d8d5b%22:%91%22header_2_text_color%22,%22text_text_color%22%93}&#8221;]<\/p>\n<h2 style=\"text-align: left;\"><span>\u00c0 propos de moi<\/span><\/h2>\n<p style=\"text-align: justify;\"><span>Je m\u2019appelle Estelle Depris, je suis consultante, conf\u00e9renci\u00e8re et formatrice belge. Depuis plus de trois ans, je me consacre \u00e0 sensibiliser sur la discrimination raciale et la blanchit\u00e9. Avec un dipl\u00f4me en communication appliqu\u00e9e et un Master en \u00e9ducation continue, j&#8217;utilise mon compte Instagram &#8220;Sans Blanc de Rien&#8221; pour encourager les citoyen\u00b7nes \u00e0 reconna\u00eetre la persistance du racisme. Forte de plus de 90 000 abonn\u00e9\u00b7es, je m&#8217;efforce d&#8217;inspirer chacun\u00b7e \u00e0 devenir un\u00b7e acteur\u00b7trice du changement.<\/span><\/p>\n<p style=\"text-align: justify;\"><span>Je suis une formatrice passionn\u00e9e et engag\u00e9e \u00e0 r\u00e9soudre les dommages des discriminations raciales tant sur les individus que dans l\u2019ensemble de la soci\u00e9t\u00e9. Je poss\u00e8de \u00e9galement une expertise intersectionnelle et je plaide ardemment pour la reconnaissance du traumatisme racial et ses cons\u00e9quences invisibles sur la sant\u00e9 mentale. Je suis fi\u00e8re de repr\u00e9senter la nouvelle g\u00e9n\u00e9ration antiraciste, connect\u00e9e aux enjeux contemporains des discriminations. Mon objectif ultime est de contribuer \u00e0 une v\u00e9ritable d\u00e9mocratie, o\u00f9 l&#8217;\u00e9galit\u00e9 devient enfin une r\u00e9alit\u00e9 pour tou\u00b7te\u00b7s.<\/span><\/p>\n<p>[\/et_pb_text][\/et_pb_column][\/et_pb_row][\/et_pb_section][et_pb_section fb_built=&#8221;1&#8243; _builder_version=&#8221;4.9.4&#8243; _module_preset=&#8221;default&#8221; background_color=&#8221;gcid-28af9a2b-39c2-4889-a587-54d0819d8d5b&#8221; global_colors_info=&#8221;{%22gcid-28af9a2b-39c2-4889-a587-54d0819d8d5b%22:%91%22background_color%22%93}&#8221;][et_pb_row column_structure=&#8221;1_3,1_3,1_3&#8243; _builder_version=&#8221;4.9.4&#8243; _module_preset=&#8221;default&#8221;][et_pb_column type=&#8221;1_3&#8243; _builder_version=&#8221;4.9.4&#8243; _module_preset=&#8221;default&#8221;][et_pb_text _builder_version=&#8221;4.9.4&#8243; _module_preset=&#8221;default&#8221; header_3_font=&#8221;Montserrat|800|||||||&#8221; header_3_text_color=&#8221;#FFFFFF&#8221; custom_margin=&#8221;||-5px||false|false&#8221;]<\/p>\n<h3>Contact<\/h3>\n<p>[\/et_pb_text][et_pb_text _builder_version=&#8221;4.9.4&#8243; _module_preset=&#8221;default&#8221; text_font=&#8221;Montserrat||||||||&#8221; text_text_color=&#8221;#FFFFFF&#8221; module_alignment=&#8221;center&#8221;]<\/p>\n<p><span style=\"color: #ffffff;\"><a href=\"mailto:sansblancderiencontact@gmail.com\" style=\"color: #ffffff;\">Sansblancderiencontact@gmail.com<\/a><br \/><\/span><\/p>\n<p>[\/et_pb_text][\/et_pb_column][et_pb_column type=&#8221;1_3&#8243; _builder_version=&#8221;4.9.4&#8243; _module_preset=&#8221;default&#8221;][et_pb_text _builder_version=&#8221;4.9.4&#8243; _module_preset=&#8221;default&#8221; header_3_font=&#8221;Montserrat|800|||||||&#8221; header_3_text_color=&#8221;#FFFFFF&#8221; custom_margin=&#8221;||-2px|||&#8221;]<\/p>\n<h3>Sans Blanc De Rien<\/h3>\n<p>[\/et_pb_text][et_pb_text _builder_version=&#8221;4.9.4&#8243; _module_preset=&#8221;default&#8221; text_font=&#8221;Montserrat||||||||&#8221; text_text_color=&#8221;#FFFFFF&#8221;]<\/p>\n<p><span style=\"color: #ffffff;\"><a href=\"https:\/\/sansblancderien.be\/#Services\" style=\"color: #ffffff;\">Services<\/a><\/span><br \/><span style=\"color: #ffffff;\"><a href=\"https:\/\/sansblancderien.be\/?page_id=171\" style=\"color: #ffffff;\">\u00c0\u00a0propos<\/a><\/span><br \/><span style=\"color: #ffffff;\"><a href=\"https:\/\/sansblancderien.be\/?page_id=173\" style=\"color: #ffffff;\">Ma mission\/mon approche<\/a><\/span><br \/><span style=\"color: #ffffff;\"><a href=\"https:\/\/sansblancderien.be\/?page_id=169\" style=\"color: #ffffff;\">Contact<\/a><\/span><\/p>\n<p>[\/et_pb_text][\/et_pb_column][et_pb_column type=&#8221;1_3&#8243; _builder_version=&#8221;4.9.4&#8243; _module_preset=&#8221;default&#8221;][et_pb_text _builder_version=&#8221;4.9.4&#8243; _module_preset=&#8221;default&#8221; header_3_font=&#8221;Montserrat|800|||||||&#8221; header_3_text_color=&#8221;#FFFFFF&#8221;]<\/p>\n<h3>Suivez-moi<\/h3>\n<p>[\/et_pb_text][et_pb_social_media_follow _builder_version=&#8221;4.9.4&#8243; _module_preset=&#8221;default&#8221;][et_pb_social_media_follow_network social_network=&#8221;facebook&#8221; url=&#8221;https:\/\/www.facebook.com\/SansBlancdeRien\/&#8221; icon_color=&#8221;gcid-28af9a2b-39c2-4889-a587-54d0819d8d5b&#8221; _builder_version=&#8221;4.9.4&#8243; _module_preset=&#8221;default&#8221; background_color=&#8221;#FFFFFF&#8221; background_enable_color=&#8221;on&#8221; global_colors_info=&#8221;{%22gcid-28af9a2b-39c2-4889-a587-54d0819d8d5b%22:%91%22icon_color%22%93,%22gcid-94601e0f-c1b3-472b-884b-e4707daab177%22:%91%93}&#8221; follow_button=&#8221;off&#8221; url_new_window=&#8221;on&#8221;]facebook[\/et_pb_social_media_follow_network][et_pb_social_media_follow_network social_network=&#8221;instagram&#8221; url=&#8221;https:\/\/www.instagram.com\/sansblancderien\/&#8221; icon_color=&#8221;gcid-28af9a2b-39c2-4889-a587-54d0819d8d5b&#8221; _builder_version=&#8221;4.9.4&#8243; _module_preset=&#8221;default&#8221; background_color=&#8221;#FFFFFF&#8221; background_enable_color=&#8221;on&#8221; global_colors_info=&#8221;{%22gcid-28af9a2b-39c2-4889-a587-54d0819d8d5b%22:%91%22icon_color%22%93,%22gcid-94601e0f-c1b3-472b-884b-e4707daab177%22:%91%93}&#8221; follow_button=&#8221;off&#8221; url_new_window=&#8221;on&#8221;]instagram[\/et_pb_social_media_follow_network][et_pb_social_media_follow_network social_network=&#8221;linkedin&#8221; url=&#8221;https:\/\/be.linkedin.com\/in\/estelle-depris-8163691b9&#8243; icon_color=&#8221;gcid-28af9a2b-39c2-4889-a587-54d0819d8d5b&#8221; _builder_version=&#8221;4.9.4&#8243; _module_preset=&#8221;default&#8221; background_color=&#8221;#FFFFFF&#8221; background_enable_color=&#8221;on&#8221; global_colors_info=&#8221;{%22gcid-28af9a2b-39c2-4889-a587-54d0819d8d5b%22:%91%22icon_color%22%93,%22gcid-94601e0f-c1b3-472b-884b-e4707daab177%22:%91%93}&#8221; follow_button=&#8221;off&#8221; url_new_window=&#8221;on&#8221;]linkedin[\/et_pb_social_media_follow_network][\/et_pb_social_media_follow][\/et_pb_column][\/et_pb_row][et_pb_row _builder_version=&#8221;4.9.4&#8243; _module_preset=&#8221;default&#8221; custom_padding=&#8221;||39px|||&#8221;][et_pb_column type=&#8221;4_4&#8243; _builder_version=&#8221;4.9.4&#8243; _module_preset=&#8221;default&#8221;][et_pb_divider color=&#8221;#FFFFFF&#8221; divider_weight=&#8221;1px&#8221; _builder_version=&#8221;4.9.4&#8243; _module_preset=&#8221;default&#8221; width=&#8221;86%&#8221; module_alignment=&#8221;left&#8221;][\/et_pb_divider][\/et_pb_column][\/et_pb_row][et_pb_row column_structure=&#8221;1_2,1_2&#8243; _builder_version=&#8221;4.9.4&#8243; _module_preset=&#8221;default&#8221; custom_margin=&#8221;-48px|auto||auto||&#8221;][et_pb_column type=&#8221;1_2&#8243; _builder_version=&#8221;4.9.4&#8243; _module_preset=&#8221;default&#8221;][\/et_pb_column][et_pb_column type=&#8221;1_2&#8243; _builder_version=&#8221;4.9.4&#8243; _module_preset=&#8221;default&#8221;][et_pb_text _builder_version=&#8221;4.9.4&#8243; _module_preset=&#8221;default&#8221; text_font=&#8221;Montserrat||||||||&#8221; text_text_color=&#8221;#FFFFFF&#8221; text_orientation=&#8221;center&#8221;]<\/p>\n<p>Copyright\u00a92023sansblancderien<\/p>\n<p>[\/et_pb_text][\/et_pb_column][\/et_pb_row][\/et_pb_section]<\/p>\n","protected":false},"excerpt":{"rendered":"<p>[et_pb_section fb_built=&#8221;1&#8243; _builder_version=&#8221;4.9.4&#8243; _module_preset=&#8221;default&#8221; custom_padding=&#8221;||0px|||&#8221;][et_pb_row column_structure=&#8221;1_2,1_2&#8243; admin_label=&#8221;row&#8221; _builder_version=&#8221;3.25&#8243; background_size=&#8221;initial&#8221; background_position=&#8221;top_left&#8221; background_repeat=&#8221;repeat&#8221; custom_padding=&#8221;||0px|||&#8221; hover_enabled=&#8221;0&#8243; sticky_enabled=&#8221;0&#8243;][et_pb_column type=&#8221;1_2&#8243; _builder_version=&#8221;3.25&#8243; custom_padding=&#8221;|||&#8221; custom_padding__hover=&#8221;|||&#8221;][et_pb_image src=&#8221;http:\/\/sansblancderien.be\/wp-content\/uploads\/2023\/12\/test-site.jpg&#8221; title_text=&#8221;test site&#8221; _builder_version=&#8221;4.9.4&#8243; _module_preset=&#8221;default&#8221; custom_padding=&#8221;||0px|||&#8221; hover_enabled=&#8221;0&#8243; sticky_enabled=&#8221;0&#8243;][\/et_pb_image][\/et_pb_column][et_pb_column type=&#8221;1_2&#8243; _builder_version=&#8221;3.25&#8243; custom_padding=&#8221;|||&#8221; custom_padding__hover=&#8221;|||&#8221;][et_pb_text _builder_version=&#8221;4.9.4&#8243; text_font=&#8221;Montserrat||||||||&#8221; text_text_color=&#8221;#191915&#8243; header_font=&#8221;||||||||&#8221; header_2_font=&#8221;Montserrat|800||on|||||&#8221; header_2_text_color=&#8221;gcid-28af9a2b-39c2-4889-a587-54d0819d8d5b&#8221; header_2_font_size=&#8221;46px&#8221; header_3_font=&#8221;Montserrat|||on|||||&#8221; header_3_text_color=&#8221;#191915&#8243; header_3_font_size=&#8221;12px&#8221; header_3_letter_spacing=&#8221;1px&#8221; header_3_line_height=&#8221;1.8em&#8221; header_5_font=&#8221;Montserrat||||||||&#8221; header_5_text_color=&#8221;#191915&#8243; text_orientation=&#8221;right&#8221; custom_margin=&#8221;||-101px|||&#8221; custom_padding=&#8221;79px||1px|||&#8221; hover_enabled=&#8221;0&#8243; header_2_font_size_tablet=&#8221;&#8221; header_2_font_size_phone=&#8221;30px&#8221; header_2_font_size_last_edited=&#8221;on|phone&#8221; locked=&#8221;off&#8221; global_colors_info=&#8221;{%22gcid-94601e0f-c1b3-472b-884b-e4707daab177%22:%91%93,%22gcid-28af9a2b-39c2-4889-a587-54d0819d8d5b%22:%91%22header_2_text_color%22%93}&#8221; sticky_enabled=&#8221;0&#8243;][\/et_pb_text][et_pb_text _builder_version=&#8221;4.9.4&#8243; [&hellip;]<\/p>\n","protected":false},"author":1,"featured_media":0,"parent":0,"menu_order":0,"comment_status":"closed","ping_status":"closed","template":"","meta":{"_et_pb_use_builder":"on","_et_pb_old_content":"","_et_gb_content_width":"","footnotes":""},"class_list":["post-171","page","type-page","status-publish","hentry"],"_links":{"self":[{"href":"https:\/\/sansblancderien.be\/index.php?rest_route=\/wp\/v2\/pages\/171","targetHints":{"allow":["GET"]}}],"collection":[{"href":"https:\/\/sansblancderien.be\/index.php?rest_route=\/wp\/v2\/pages"}],"about":[{"href":"https:\/\/sansblancderien.be\/index.php?rest_route=\/wp\/v2\/types\/page"}],"author":[{"embeddable":true,"href":"https:\/\/sansblancderien.be\/index.php?rest_route=\/wp\/v2\/users\/1"}],"replies":[{"embeddable":true,"href":"https:\/\/sansblancderien.be\/index.php?rest_route=%2Fwp%2Fv2%2Fcomments&post=171"}],"version-history":[{"count":12,"href":"https:\/\/sansblancderien.be\/index.php?rest_route=\/wp\/v2\/pages\/171\/revisions"}],"predecessor-version":[{"id":294,"href":"https:\/\/sansblancderien.be\/index.php?rest_route=\/wp\/v2\/pages\/171\/revisions\/294"}],"wp:attachment":[{"href":"https:\/\/sansblancderien.be\/index.php?rest_route=%2Fwp%2Fv2%2Fmedia&parent=171"}],"curies":[{"name":"wp","href":"https:\/\/api.w.org\/{rel}","templated":true}]}}