{"id":173,"date":"2023-10-26T17:16:31","date_gmt":"2023-10-26T15:16:31","guid":{"rendered":"https:\/\/sansblancderien.be\/?page_id=173"},"modified":"2025-12-12T18:33:37","modified_gmt":"2025-12-12T17:33:37","slug":"ma-mission-mon-approche","status":"publish","type":"page","link":"https:\/\/sansblancderien.be\/?page_id=173","title":{"rendered":"Ma mission\/mon approche"},"content":{"rendered":"<p>[et_pb_section fb_built=&#8221;1&#8243; admin_label=&#8221;Hero Section&#8221; _builder_version=&#8221;4.9.4&#8243; background_enable_color=&#8221;off&#8221; background_image=&#8221;https:\/\/sansblancderien.be\/wp-content\/uploads\/2023\/10\/HEADER-4.jpg&#8221; width=&#8221;100%&#8221; max_width=&#8221;100%&#8221; module_alignment=&#8221;center&#8221; custom_margin=&#8221;1px|60px|-3px|60px||&#8221; custom_margin_tablet=&#8221;&#8221; custom_margin_phone=&#8221;0px|0px|0px|0px&#8221; custom_margin_last_edited=&#8221;on|phone&#8221; custom_padding=&#8221;106px|0px|123px|0px||&#8221; bottom_divider_color=&#8221;gcid-94601e0f-c1b3-472b-884b-e4707daab177&#8243; bottom_divider_flip=&#8221;horizontal&#8221; collapsed=&#8221;off&#8221; global_colors_info=&#8221;{%22gcid-94601e0f-c1b3-472b-884b-e4707daab177%22:%91%22bottom_divider_color%22%93}&#8221;][et_pb_row column_structure=&#8221;3_5,2_5&#8243; _builder_version=&#8221;4.9.4&#8243; max_width=&#8221;1280px&#8221; custom_padding=&#8221;271px||127px|||&#8221; use_custom_width=&#8221;on&#8221; custom_width_px=&#8221;1280px&#8221; collapsed=&#8221;off&#8221;][et_pb_column type=&#8221;3_5&#8243; _builder_version=&#8221;4.9.4&#8243; custom_padding=&#8221;|||&#8221; custom_padding__hover=&#8221;|||&#8221;][et_pb_text _builder_version=&#8221;4.9.4&#8243; text_font=&#8221;Montserrat||||||||&#8221; text_text_color=&#8221;gcid-28af9a2b-39c2-4889-a587-54d0819d8d5b&#8221; text_font_size=&#8221;18px&#8221; header_font=&#8221;||||||||&#8221; header_2_font=&#8221;Montserrat|800||on|||||&#8221; header_2_text_color=&#8221;gcid-28af9a2b-39c2-4889-a587-54d0819d8d5b&#8221; header_2_font_size=&#8221;50px&#8221; header_3_font=&#8221;Montserrat|||on|||||&#8221; header_3_text_color=&#8221;gcid-94601e0f-c1b3-472b-884b-e4707daab177&#8243; header_3_font_size=&#8221;12px&#8221; header_3_letter_spacing=&#8221;1px&#8221; header_3_line_height=&#8221;1.8em&#8221; text_orientation=&#8221;right&#8221; custom_margin=&#8221;||0px|||&#8221; custom_padding=&#8221;|0px|24px|||&#8221; header_2_font_size_tablet=&#8221;&#8221; header_2_font_size_phone=&#8221;30px&#8221; header_2_font_size_last_edited=&#8221;on|phone&#8221; locked=&#8221;off&#8221; global_colors_info=&#8221;{%22gcid-94601e0f-c1b3-472b-884b-e4707daab177%22:%91%22header_3_text_color%22%93,%22gcid-28af9a2b-39c2-4889-a587-54d0819d8d5b%22:%91%22header_2_text_color%22,%22text_text_color%22%93}&#8221;]<\/p>\n<h2 style=\"text-align: left;\">Ma mission &amp; approche<\/h2>\n<p>[\/et_pb_text][\/et_pb_column][et_pb_column type=&#8221;2_5&#8243; _builder_version=&#8221;4.9.4&#8243; custom_padding=&#8221;|||&#8221; custom_padding__hover=&#8221;|||&#8221;][\/et_pb_column][\/et_pb_row][\/et_pb_section][et_pb_section fb_built=&#8221;1&#8243; admin_label=&#8221;section&#8221; _builder_version=&#8221;3.22&#8243;][et_pb_row column_structure=&#8221;1_2,1_2&#8243; admin_label=&#8221;row&#8221; _builder_version=&#8221;3.25&#8243; background_size=&#8221;initial&#8221; background_position=&#8221;top_left&#8221; background_repeat=&#8221;repeat&#8221;][et_pb_column type=&#8221;1_2&#8243; _builder_version=&#8221;3.25&#8243; custom_padding=&#8221;|||&#8221; custom_padding__hover=&#8221;|||&#8221;][\/et_pb_column][et_pb_column type=&#8221;1_2&#8243; _builder_version=&#8221;3.25&#8243; custom_padding=&#8221;|||&#8221; custom_padding__hover=&#8221;|||&#8221;][et_pb_text _builder_version=&#8221;4.9.4&#8243; text_font=&#8221;Montserrat||||||||&#8221; text_text_color=&#8221;gcid-28af9a2b-39c2-4889-a587-54d0819d8d5b&#8221; text_font_size=&#8221;18px&#8221; header_font=&#8221;||||||||&#8221; header_2_font=&#8221;Montserrat|800||on|||||&#8221; header_2_text_color=&#8221;gcid-28af9a2b-39c2-4889-a587-54d0819d8d5b&#8221; header_2_font_size=&#8221;46px&#8221; header_3_font=&#8221;Montserrat|||on|||||&#8221; header_3_text_color=&#8221;gcid-94601e0f-c1b3-472b-884b-e4707daab177&#8243; header_3_font_size=&#8221;12px&#8221; header_3_letter_spacing=&#8221;1px&#8221; header_3_line_height=&#8221;1.8em&#8221; text_orientation=&#8221;right&#8221; custom_margin=&#8221;||43px|||&#8221; custom_padding=&#8221;||24px|||&#8221; header_2_font_size_tablet=&#8221;&#8221; header_2_font_size_phone=&#8221;30px&#8221; header_2_font_size_last_edited=&#8221;on|phone&#8221; locked=&#8221;off&#8221; global_colors_info=&#8221;{%22gcid-94601e0f-c1b3-472b-884b-e4707daab177%22:%91%22header_3_text_color%22%93,%22gcid-28af9a2b-39c2-4889-a587-54d0819d8d5b%22:%91%22header_2_text_color%22,%22text_text_color%22%93}&#8221;]<\/p>\n<h2 style=\"text-align: left;\">Ma mission, mon approche<\/h2>\n<p>&nbsp;<\/p>\n<p style=\"text-align: left;\"><strong><em>Mon r\u00f4le est de vous aider \u00e0 ne plus faire semblant de rien face au racisme.<\/em><\/strong> <\/p>\n<p style=\"text-align: justify;\">Gr\u00e2ce \u00e0 mon approche duale de l&#8217;\u00e9ducation antiraciste, je vous guide dans la d\u00e9construction de vos pr\u00e9jug\u00e9s personnels ainsi que des syst\u00e8mes discriminatoires qui nous entourent. En sensibilisant aux r\u00e9alit\u00e9s des in\u00e9galit\u00e9s raciales et \u00e0 leurs profonds impacts sur nos relations interpersonnelles et la soci\u00e9t\u00e9, je veille \u00e0 appliquer une approche intersectionnelle, respectant l&#8217;identit\u00e9 et les parcours de chacun\u00b7e. Je vous accompagne \u00e0 travers les complexit\u00e9s des dynamiques de pouvoir avec une empathie radicale : sans jugement, avec toute la compassion n\u00e9cessaire pour accomplir ce travail.<\/p>\n<p style=\"text-align: justify;\">Cette mission, je la personnalise selon vos besoins, que ce soit lors de mes ateliers, formations ou conf\u00e9rences, ainsi que lors de nos \u00e9changes en consultation. Ma sp\u00e9cialisation dans les questions li\u00e9es aux privil\u00e8ges blancs me permet de vous aider \u00e0 prendre conscience de votre racisme internalis\u00e9. Gr\u00e2ce \u00e0 mes comp\u00e9tences en communication organisationnelle, je vous assiste dans le d\u00e9veloppement de strat\u00e9gies antiracistes authentiques, que ce soit pour vous-m\u00eame ou pour votre organisation.<\/p>\n<p style=\"text-align: justify;\">Mon engagement ultime est de vous aider \u00e0 devenir les catalyseurs du changement, en surmontant les obstacles invisibles qui entravent votre cheminement vers des valeurs antiracistes. Comme le disait Bell Hooks, la v\u00e9ritable solidarit\u00e9 politique consiste \u00e0 apprendre \u00e0 lutter contre des oppressions que l&#8217;on ne subit pas soi-m\u00eame. Dans un monde complexe et d\u00e9chir\u00e9 par des forces n\u00e9gatives, l&#8217;\u00e9ducation antiraciste est une n\u00e9cessit\u00e9. Cet apprentissage n&#8217;est pas inn\u00e9 ni toujours \u00e0 notre port\u00e9e, c&#8217;est pourquoi je suis l\u00e0 pour vous guider dans cette \u00e9volution, pour le respect de l&#8217;humanit\u00e9 et de la dignit\u00e9 de chacun\u00b7e.<\/p>\n<p>[\/et_pb_text][\/et_pb_column][\/et_pb_row][\/et_pb_section][et_pb_section fb_built=&#8221;1&#8243; _builder_version=&#8221;4.9.4&#8243; _module_preset=&#8221;default&#8221; background_color=&#8221;gcid-28af9a2b-39c2-4889-a587-54d0819d8d5b&#8221; global_colors_info=&#8221;{%22gcid-28af9a2b-39c2-4889-a587-54d0819d8d5b%22:%91%22background_color%22%93}&#8221;][et_pb_row column_structure=&#8221;1_3,1_3,1_3&#8243; _builder_version=&#8221;4.9.4&#8243; _module_preset=&#8221;default&#8221;][et_pb_column type=&#8221;1_3&#8243; _builder_version=&#8221;4.9.4&#8243; _module_preset=&#8221;default&#8221;][et_pb_text _builder_version=&#8221;4.9.4&#8243; _module_preset=&#8221;default&#8221; header_3_font=&#8221;Montserrat|800|||||||&#8221; header_3_text_color=&#8221;#FFFFFF&#8221; custom_margin=&#8221;||-5px||false|false&#8221;]<\/p>\n<h3>Contact<\/h3>\n<p>[\/et_pb_text][et_pb_text _builder_version=&#8221;4.9.4&#8243; _module_preset=&#8221;default&#8221; text_font=&#8221;Montserrat||||||||&#8221; text_text_color=&#8221;#FFFFFF&#8221; module_alignment=&#8221;center&#8221;]<\/p>\n<p><span style=\"color: #ffffff;\"><a href=\"mailto:sansblancderiencontact@gmail.com\" style=\"color: #ffffff;\">Sansblancderiencontact@gmail.com<\/a><br \/><\/span><\/p>\n<p>[\/et_pb_text][\/et_pb_column][et_pb_column type=&#8221;1_3&#8243; _builder_version=&#8221;4.9.4&#8243; _module_preset=&#8221;default&#8221;][et_pb_text _builder_version=&#8221;4.9.4&#8243; _module_preset=&#8221;default&#8221; header_3_font=&#8221;Montserrat|800|||||||&#8221; header_3_text_color=&#8221;#FFFFFF&#8221; custom_margin=&#8221;||-2px|||&#8221;]<\/p>\n<h3>Sans Blanc De Rien<\/h3>\n<p>[\/et_pb_text][et_pb_text _builder_version=&#8221;4.9.4&#8243; _module_preset=&#8221;default&#8221; text_font=&#8221;Montserrat||||||||&#8221; text_text_color=&#8221;#FFFFFF&#8221;]<\/p>\n<p><span style=\"color: #ffffff;\"><a href=\"https:\/\/sansblancderien.be\/#Services\" style=\"color: #ffffff;\">Services<\/a><\/span><br \/><span style=\"color: #ffffff;\"><a href=\"https:\/\/sansblancderien.be\/?page_id=171\" style=\"color: #ffffff;\">\u00c0\u00a0propos<\/a><\/span><br \/><span style=\"color: #ffffff;\"><a href=\"https:\/\/sansblancderien.be\/?page_id=173\" style=\"color: #ffffff;\">Ma mission\/mon approche<\/a><\/span><br \/><span style=\"color: #ffffff;\"><a href=\"https:\/\/sansblancderien.be\/?page_id=169\" style=\"color: #ffffff;\">Contact<\/a><\/span><\/p>\n<p>[\/et_pb_text][\/et_pb_column][et_pb_column type=&#8221;1_3&#8243; _builder_version=&#8221;4.9.4&#8243; _module_preset=&#8221;default&#8221;][et_pb_text _builder_version=&#8221;4.9.4&#8243; _module_preset=&#8221;default&#8221; header_3_font=&#8221;Montserrat|800|||||||&#8221; header_3_text_color=&#8221;#FFFFFF&#8221;]<\/p>\n<h3>Suivez-moi<\/h3>\n<p>[\/et_pb_text][et_pb_social_media_follow _builder_version=&#8221;4.9.4&#8243; _module_preset=&#8221;default&#8221;][et_pb_social_media_follow_network social_network=&#8221;facebook&#8221; url=&#8221;https:\/\/www.facebook.com\/SansBlancdeRien\/&#8221; icon_color=&#8221;gcid-28af9a2b-39c2-4889-a587-54d0819d8d5b&#8221; _builder_version=&#8221;4.9.4&#8243; _module_preset=&#8221;default&#8221; background_color=&#8221;#FFFFFF&#8221; background_enable_color=&#8221;on&#8221; global_colors_info=&#8221;{%22gcid-28af9a2b-39c2-4889-a587-54d0819d8d5b%22:%91%22icon_color%22%93,%22gcid-94601e0f-c1b3-472b-884b-e4707daab177%22:%91%93}&#8221; follow_button=&#8221;off&#8221; url_new_window=&#8221;on&#8221;]facebook[\/et_pb_social_media_follow_network][et_pb_social_media_follow_network social_network=&#8221;instagram&#8221; url=&#8221;https:\/\/www.instagram.com\/sansblancderien\/&#8221; icon_color=&#8221;gcid-28af9a2b-39c2-4889-a587-54d0819d8d5b&#8221; _builder_version=&#8221;4.9.4&#8243; _module_preset=&#8221;default&#8221; background_color=&#8221;#FFFFFF&#8221; background_enable_color=&#8221;on&#8221; global_colors_info=&#8221;{%22gcid-28af9a2b-39c2-4889-a587-54d0819d8d5b%22:%91%22icon_color%22%93,%22gcid-94601e0f-c1b3-472b-884b-e4707daab177%22:%91%93}&#8221; follow_button=&#8221;off&#8221; url_new_window=&#8221;on&#8221;]instagram[\/et_pb_social_media_follow_network][et_pb_social_media_follow_network social_network=&#8221;linkedin&#8221; url=&#8221;https:\/\/be.linkedin.com\/in\/estelle-depris-8163691b9&#8243; icon_color=&#8221;gcid-28af9a2b-39c2-4889-a587-54d0819d8d5b&#8221; _builder_version=&#8221;4.9.4&#8243; _module_preset=&#8221;default&#8221; background_color=&#8221;#FFFFFF&#8221; background_enable_color=&#8221;on&#8221; global_colors_info=&#8221;{%22gcid-28af9a2b-39c2-4889-a587-54d0819d8d5b%22:%91%22icon_color%22%93,%22gcid-94601e0f-c1b3-472b-884b-e4707daab177%22:%91%93}&#8221; follow_button=&#8221;off&#8221; url_new_window=&#8221;on&#8221;]linkedin[\/et_pb_social_media_follow_network][\/et_pb_social_media_follow][\/et_pb_column][\/et_pb_row][et_pb_row _builder_version=&#8221;4.9.4&#8243; _module_preset=&#8221;default&#8221; custom_padding=&#8221;||39px|||&#8221;][et_pb_column type=&#8221;4_4&#8243; _builder_version=&#8221;4.9.4&#8243; _module_preset=&#8221;default&#8221;][et_pb_divider color=&#8221;#FFFFFF&#8221; divider_weight=&#8221;1px&#8221; _builder_version=&#8221;4.9.4&#8243; _module_preset=&#8221;default&#8221; width=&#8221;86%&#8221; module_alignment=&#8221;left&#8221;][\/et_pb_divider][\/et_pb_column][\/et_pb_row][et_pb_row column_structure=&#8221;1_2,1_2&#8243; _builder_version=&#8221;4.9.4&#8243; _module_preset=&#8221;default&#8221; custom_margin=&#8221;-48px|auto||auto||&#8221;][et_pb_column type=&#8221;1_2&#8243; _builder_version=&#8221;4.9.4&#8243; _module_preset=&#8221;default&#8221;][\/et_pb_column][et_pb_column type=&#8221;1_2&#8243; _builder_version=&#8221;4.9.4&#8243; _module_preset=&#8221;default&#8221;][et_pb_text _builder_version=&#8221;4.9.4&#8243; _module_preset=&#8221;default&#8221; text_font=&#8221;Montserrat||||||||&#8221; text_text_color=&#8221;#FFFFFF&#8221; text_orientation=&#8221;center&#8221;]<\/p>\n<p>Copyright\u00a92023sansblancderien<\/p>\n<p>[\/et_pb_text][\/et_pb_column][\/et_pb_row][\/et_pb_section]<\/p>\n","protected":false},"excerpt":{"rendered":"<p>[et_pb_section fb_built=&#8221;1&#8243; admin_label=&#8221;Hero Section&#8221; _builder_version=&#8221;4.9.4&#8243; background_enable_color=&#8221;off&#8221; background_image=&#8221;https:\/\/sansblancderien.be\/wp-content\/uploads\/2023\/10\/HEADER-4.jpg&#8221; width=&#8221;100%&#8221; max_width=&#8221;100%&#8221; module_alignment=&#8221;center&#8221; custom_margin=&#8221;1px|60px|-3px|60px||&#8221; custom_margin_tablet=&#8221;&#8221; custom_margin_phone=&#8221;0px|0px|0px|0px&#8221; custom_margin_last_edited=&#8221;on|phone&#8221; custom_padding=&#8221;106px|0px|123px|0px||&#8221; bottom_divider_color=&#8221;gcid-94601e0f-c1b3-472b-884b-e4707daab177&#8243; bottom_divider_flip=&#8221;horizontal&#8221; collapsed=&#8221;off&#8221; global_colors_info=&#8221;{%22gcid-94601e0f-c1b3-472b-884b-e4707daab177%22:%91%22bottom_divider_color%22%93}&#8221;][et_pb_row column_structure=&#8221;3_5,2_5&#8243; _builder_version=&#8221;4.9.4&#8243; max_width=&#8221;1280px&#8221; custom_padding=&#8221;271px||127px|||&#8221; use_custom_width=&#8221;on&#8221; custom_width_px=&#8221;1280px&#8221; collapsed=&#8221;off&#8221;][et_pb_column type=&#8221;3_5&#8243; _builder_version=&#8221;4.9.4&#8243; custom_padding=&#8221;|||&#8221; custom_padding__hover=&#8221;|||&#8221;][et_pb_text _builder_version=&#8221;4.9.4&#8243; text_font=&#8221;Montserrat||||||||&#8221; text_text_color=&#8221;gcid-28af9a2b-39c2-4889-a587-54d0819d8d5b&#8221; text_font_size=&#8221;18px&#8221; header_font=&#8221;||||||||&#8221; header_2_font=&#8221;Montserrat|800||on|||||&#8221; header_2_text_color=&#8221;gcid-28af9a2b-39c2-4889-a587-54d0819d8d5b&#8221; header_2_font_size=&#8221;50px&#8221; header_3_font=&#8221;Montserrat|||on|||||&#8221; header_3_text_color=&#8221;gcid-94601e0f-c1b3-472b-884b-e4707daab177&#8243; header_3_font_size=&#8221;12px&#8221; header_3_letter_spacing=&#8221;1px&#8221; header_3_line_height=&#8221;1.8em&#8221; text_orientation=&#8221;right&#8221; custom_margin=&#8221;||0px|||&#8221; custom_padding=&#8221;|0px|24px|||&#8221; header_2_font_size_tablet=&#8221;&#8221; header_2_font_size_phone=&#8221;30px&#8221; header_2_font_size_last_edited=&#8221;on|phone&#8221; locked=&#8221;off&#8221; global_colors_info=&#8221;{%22gcid-94601e0f-c1b3-472b-884b-e4707daab177%22:%91%22header_3_text_color%22%93,%22gcid-28af9a2b-39c2-4889-a587-54d0819d8d5b%22:%91%22header_2_text_color%22,%22text_text_color%22%93}&#8221;] Ma mission &amp; approche [&hellip;]<\/p>\n","protected":false},"author":1,"featured_media":0,"parent":0,"menu_order":0,"comment_status":"closed","ping_status":"closed","template":"","meta":{"_et_pb_use_builder":"on","_et_pb_old_content":"","_et_gb_content_width":"","footnotes":""},"class_list":["post-173","page","type-page","status-publish","hentry"],"_links":{"self":[{"href":"https:\/\/sansblancderien.be\/index.php?rest_route=\/wp\/v2\/pages\/173","targetHints":{"allow":["GET"]}}],"collection":[{"href":"https:\/\/sansblancderien.be\/index.php?rest_route=\/wp\/v2\/pages"}],"about":[{"href":"https:\/\/sansblancderien.be\/index.php?rest_route=\/wp\/v2\/types\/page"}],"author":[{"embeddable":true,"href":"https:\/\/sansblancderien.be\/index.php?rest_route=\/wp\/v2\/users\/1"}],"replies":[{"embeddable":true,"href":"https:\/\/sansblancderien.be\/index.php?rest_route=%2Fwp%2Fv2%2Fcomments&post=173"}],"version-history":[{"count":14,"href":"https:\/\/sansblancderien.be\/index.php?rest_route=\/wp\/v2\/pages\/173\/revisions"}],"predecessor-version":[{"id":298,"href":"https:\/\/sansblancderien.be\/index.php?rest_route=\/wp\/v2\/pages\/173\/revisions\/298"}],"wp:attachment":[{"href":"https:\/\/sansblancderien.be\/index.php?rest_route=%2Fwp%2Fv2%2Fmedia&parent=173"}],"curies":[{"name":"wp","href":"https:\/\/api.w.org\/{rel}","templated":true}]}}